{"id":103,"date":"2021-07-08T16:20:25","date_gmt":"2021-07-08T20:20:25","guid":{"rendered":"https:\/\/xn--tudeconceptionstudy-9yb.ca\/?page_id=103"},"modified":"2023-09-22T11:19:59","modified_gmt":"2023-09-22T15:19:59","slug":"our-studies","status":"publish","type":"page","link":"https:\/\/xn--tudeconceptionstudy-9yb.ca\/fr\/our-studies\/","title":{"rendered":"Nos \u00e9tudes"},"content":{"rendered":"<!--themify_builder_content-->\n<div id=\"themify_builder_content-103\" data-postid=\"103\" class=\"themify_builder_content themify_builder_content-103 themify_builder tf_clear\">\n    \t<!-- module_row -->\n\t<div  data-anchor=\"Welcome\" data-css_id=\"9vji923\" data-lazy=\"1\" class=\"module_row themify_builder_row builder-parallax-scrolling fullwidth tb_has_section tb_section-Welcome tb_9vji923 tb_first tf_clearfix\" >\n\t    <div class=\"tf_abs builder_row_cover\"><\/div>\t\t<div class=\"row_inner col_align_top tf_box tf_w tf_rel\">\n\t\t\t<div  data-lazy=\"1\" class=\"module_column tb-column col-full first tb_0y2c924 tf_box\">\n\t    \t    \t        <div class=\"tb-column-inner tf_box tf_w\">\n\t\t    \t<div  data-lazy=\"1\" class=\"module_subrow themify_builder_sub_row tb_6jxv925 tf_w tf_clearfix\">\n\t    \t\t<div class=\"subrow_inner col_align_top tf_box tf_w\">\n\t\t\t<div  style=\"width: 23.31%\" data-lazy=\"1\" class=\"sub_column module_column tf_box col2-1 first tb_9645925\"> \n\t    \t    \t<\/div>\n\t\t<div  style=\"width: 73.49%\" data-lazy=\"1\" class=\"sub_column module_column tf_box col2-1 last tb_rviv926\" > \n\t    \t    \t        <div class=\"tb-column-inner tf_box tf_w\">\n\t\t    <!-- module text -->\n<div  class=\"module module-text tb_mj6j926\" data-lazy=\"1\">\n            <div  class=\"tb_text_wrap\">\n    <h3 style=\"text-align: right;\">Nos \u00e9tudes<\/h3>    <\/div>\n<\/div>\n<!-- \/module text -->\t        <\/div>\n\t    \t<\/div>\n\t\t    <\/div>\n\t<\/div><!-- \/themify_builder_sub_row -->\n\t\t        <\/div>\n\t    \t<\/div>\n\t\t    <\/div>\n\t    <!-- \/row_inner -->\n\t<\/div>\n\t<!-- \/module_row -->\n\t\t<!-- module_row -->\n\t<div  data-css_id=\"tnke674\" data-lazy=\"1\" class=\"module_row themify_builder_row fullwidth tb_tnke674 tf_clearfix\" >\n\t    \t\t<div class=\"row_inner col_align_top tf_box tf_w tf_rel\">\n\t\t\t<div  data-lazy=\"1\" class=\"module_column tb-column col-full first tb_fvmh675 tf_box\">\n\t    \t    \t        <div class=\"tb-column-inner tf_box tf_w\">\n\t\t    \t<div  data-lazy=\"1\" class=\"module_subrow themify_builder_sub_row tb_ap90580 tf_w tf_clearfix\">\n\t    \t\t<div class=\"subrow_inner col_align_top tf_box tf_w\">\n\t\t\t<div  data-lazy=\"1\" class=\"sub_column module_column tf_box col-full first tb_rlgf580\"> \n\t    \t    \t<\/div>\n\t\t    <\/div>\n\t<\/div><!-- \/themify_builder_sub_row -->\n\t\t<div  data-lazy=\"1\" class=\"module_subrow themify_builder_sub_row tb_i5qr860 tf_w tf_clearfix\">\n\t    \t\t<div class=\"subrow_inner col_align_top tf_box tf_w\">\n\t\t\t<div  data-lazy=\"1\" class=\"sub_column module_column tf_box col3-1 first tb_uvck860\"> \n\t    \t    \t<\/div>\n\t\t<div  data-lazy=\"1\" class=\"sub_column module_column tf_box col3-1 middle tb_s4q5861\"> \n\t    \t    \t<\/div>\n\t\t<div  data-lazy=\"1\" class=\"sub_column module_column tf_box col3-1 last tb_cxi5861\"> \n\t    \t    \t<\/div>\n\t\t    <\/div>\n\t<\/div><!-- \/themify_builder_sub_row -->\n\t\t        <\/div>\n\t    \t<\/div>\n\t\t    <\/div>\n\t    <!-- \/row_inner -->\n\t<\/div>\n\t<!-- \/module_row -->\n\t\t<!-- module_row -->\n\t<div  data-css_id=\"98gc534\" data-lazy=\"1\" class=\"module_row themify_builder_row fullwidth tb_98gc534 tf_clearfix\" >\n\t    \t\t<div class=\"row_inner col_align_top tf_box tf_w tf_rel\">\n\t\t\t<div  data-lazy=\"1\" class=\"module_column tb-column col-full first tb_x47y535 tf_box\">\n\t    \t    \t        <div class=\"tb-column-inner tf_box tf_w\">\n\t\t    \t<div  data-lazy=\"1\" class=\"module_subrow themify_builder_sub_row tb_15fx535 tf_w tf_clearfix\">\n\t    \t\t<div class=\"subrow_inner col_align_top tf_box tf_w\">\n\t\t\t<div  data-lazy=\"1\" class=\"sub_column module_column tf_box col-full first tb_6umy535\"> \n\t    \t    \t        <div class=\"tb-column-inner tf_box tf_w\">\n\t\t    <!-- module buttons -->\n<div  class=\"module module-buttons tb_ys6x159 buttons-horizontal transparent  squared tf_textc\" data-lazy=\"1\">\n            \t<div class=\"module-buttons-item tf_inline_b\">\n\t    \t\t    <a href=\"https:\/\/pubmed.ncbi.nlm.nih.gov\/?term=berard+a\" class=\"ui builder_button blue\" target=\"_blank\" rel=\"noopener\">\n\t\t\t\t    \t\t\t<i class=\"tf_inline_b tf_vmiddle\"><svg  aria-hidden=\"true\" class=\"tf_fa tf-ti-arrow-right\"><use href=\"#tf-ti-arrow-right\"><\/use><\/svg><\/i>\t\t        \t\t<span class=\"tf_inline_b tf_vmiddle\">\u00c9tudes sur les m\u00e9dicaments et la grossesse publi\u00e9es par notre \u00e9quipe de recherche<\/span>\n\t\t    \t\t    \t\t    <\/a>\n\t\t        \t<\/div>\n\t    <\/div>\n<!-- \/module buttons -->\n<!-- module box -->\n<div  class=\"module module-box tb_iyjx930\" data-lazy=\"1\">\n            <div class=\"module-box-content ui  tb_default_color repeat\">\n\t<div class=\"tb_text_wrap\"><h1 style=\"text-align: center;\"><strong>\u00c9tudes publi\u00e9es<\/strong><\/h1><\/div>\n    <\/div>\n<\/div>\n<!-- \/module box -->\t        <\/div>\n\t    \t<\/div>\n\t\t    <\/div>\n\t<\/div><!-- \/themify_builder_sub_row -->\n\t\t<div  data-lazy=\"1\" class=\"module_subrow themify_builder_sub_row tb_3v8t536 tf_w tf_clearfix\">\n\t    \t\t<div class=\"subrow_inner col_align_top tf_box tf_w\">\n\t\t\t<div  data-lazy=\"1\" class=\"sub_column module_column tf_box col4-2 first tb_yj8v536\"> \n\t    \t    \t        <div class=\"tb-column-inner tf_box tf_w\">\n\t\t    <!-- module feature -->\n<div  class=\"module module-feature tb_8e6o537 with-chart layout-icon-top size-large\" data-lazy=\"1\">\n        <div class=\"module-feature-image tf_textc tf_rel\">\n\t\t\t    <span class=\"module-feature-chart-html5 tf_box tf_rel tf_inline_b\">\n\t\t\t\t    <svg class=\"tf_abs tf_w tf_h\">\n\t\t\t<circle class=\"tb_feature_fill\" r=\"calc(50% - 1.5px)\" cx=\"50%\" cy=\"50%\" stroke-width=\"3\"\/>\n\t\t\t<circle class=\"tb_feature_stroke\" r=\"calc(50% - 1.5px)\" cx=\"50%\" cy=\"50%\" stroke=\"#d63169\" stroke-width=\"3\" data-progress=\"100\" stroke-dasharray=\"0,10000\"\/>\n\t\t\t\t\t    <\/svg>\n\t\t\t\t<span class=\"chart-html5-circle tf_w tf_h\">\n\t\t\t\t\t\t\t<img decoding=\"async\" style=\"--smush-placeholder-width: 512px; --smush-placeholder-aspect-ratio: 512\/512;width:calc(100% - 6px);height:calc(100% - 6px)\" data-src=\"https:\/\/xn--tudeconceptionstudy-9yb.ca\/wp-content\/uploads\/2022\/08\/cropped-LogoModel-5FINALtransp-1.png\" alt=\"\" src=\"data:image\/svg+xml;base64,PHN2ZyB3aWR0aD0iMSIgaGVpZ2h0PSIxIiB4bWxucz0iaHR0cDovL3d3dy53My5vcmcvMjAwMC9zdmciPjwvc3ZnPg==\" class=\"lazyload\">\n\t\t\t \t\t   <\/span>\n\t    <\/span>\n\t        <\/div>\n    <div class=\"module-feature-content tf_textc\">\n\t\t<div class=\"tb_text_wrap\">\n\t    \t<\/div>\n    <\/div>\n<\/div>\n<!-- \/module feature -->\n<!-- module box -->\n<div  class=\"module module-box tb_j9nq372\" data-lazy=\"1\">\n            <div class=\"module-box-content ui  tb_default_color repeat\">\n\t<div class=\"tb_text_wrap\"><h4 style=\"text-align: center;\"><a href=\"https:\/\/pubmed.ncbi.nlm.nih.gov\/35270623\/\">COVID-19 et d\u00e9pression maternelle<\/a><\/h4><\/div>\n    <\/div>\n<\/div>\n<!-- \/module box -->\t        <\/div>\n\t    \t<\/div>\n\t\t<div  data-lazy=\"1\" class=\"sub_column module_column tf_box col4-2 last tb_0qat537\"> \n\t    \t    \t        <div class=\"tb-column-inner tf_box tf_w\">\n\t\t    <!-- module feature -->\n<div  class=\"module module-feature tb_pxc2538 with-chart layout-icon-top size-large\" data-lazy=\"1\">\n        <div class=\"module-feature-image tf_textc tf_rel\">\n\t\t\t    <span class=\"module-feature-chart-html5 tf_box tf_rel tf_inline_b\">\n\t\t\t\t    <svg class=\"tf_abs tf_w tf_h\">\n\t\t\t<circle class=\"tb_feature_fill\" r=\"calc(50% - 1.5px)\" cx=\"50%\" cy=\"50%\" stroke-width=\"3\"\/>\n\t\t\t<circle class=\"tb_feature_stroke\" r=\"calc(50% - 1.5px)\" cx=\"50%\" cy=\"50%\" stroke=\"#d63169\" stroke-width=\"3\" data-progress=\"100\" stroke-dasharray=\"0,10000\"\/>\n\t\t\t\t\t    <\/svg>\n\t\t\t\t<span class=\"chart-html5-circle tf_w tf_h\">\n\t\t\t\t\t\t\t<img decoding=\"async\" style=\"--smush-placeholder-width: 1080px; --smush-placeholder-aspect-ratio: 1080\/1080;width:calc(100% - 6px);height:calc(100% - 6px)\" data-src=\"https:\/\/xn--tudeconceptionstudy-9yb.ca\/wp-content\/uploads\/2022\/10\/Untitled-design-2.png\" alt=\"\" src=\"data:image\/svg+xml;base64,PHN2ZyB3aWR0aD0iMSIgaGVpZ2h0PSIxIiB4bWxucz0iaHR0cDovL3d3dy53My5vcmcvMjAwMC9zdmciPjwvc3ZnPg==\" class=\"lazyload\">\n\t\t\t \t\t   <\/span>\n\t    <\/span>\n\t        <\/div>\n    <div class=\"module-feature-content tf_textc\">\n\t\t<div class=\"tb_text_wrap\">\n\t    \t<\/div>\n    <\/div>\n<\/div>\n<!-- \/module feature -->\n<!-- module box -->\n<div  class=\"module module-box tb_qk0u896\" data-lazy=\"1\">\n            <div class=\"module-box-content ui  tb_default_color repeat\">\n\t<div class=\"tb_text_wrap\"><h4 style=\"text-align: center;\">COVID-19 et h\u00e9sitation face \u00e0 la vaccination (en voie de publication)<\/h4><\/div>\n    <\/div>\n<\/div>\n<!-- \/module box --><!-- module box -->\n<div  class=\"module module-box tb_m665650\" data-lazy=\"1\">\n            <div class=\"module-box-content ui  tb_default_color repeat\">\n\t<div class=\"tb_text_wrap\"><h4 style=\"text-align: center;\"><a href=\"https:\/\/xn--tudeconceptionstudy-9yb.ca\/fr\/campagne-de-vaccination\/\">Campagne de vaccination<\/a><\/h4><\/div>\n    <\/div>\n<\/div>\n<!-- \/module box -->\t        <\/div>\n\t    \t<\/div>\n\t\t    <\/div>\n\t<\/div><!-- \/themify_builder_sub_row -->\n\t\t        <\/div>\n\t    \t<\/div>\n\t\t    <\/div>\n\t    <!-- \/row_inner -->\n\t<\/div>\n\t<!-- \/module_row -->\n\t\t<!-- module_row -->\n\t<div  data-css_id=\"cj2c188\" data-lazy=\"1\" class=\"module_row themify_builder_row fullwidth tb_cj2c188 tf_clearfix\" >\n\t    \t\t<div class=\"row_inner col_align_top tf_box tf_w tf_rel\">\n\t\t\t<div  data-lazy=\"1\" class=\"module_column tb-column col-full first tb_wfkd190 tf_box\">\n\t    \t    \t        <div class=\"tb-column-inner tf_box tf_w\">\n\t\t    \t<div  data-lazy=\"1\" class=\"module_subrow themify_builder_sub_row tb_bqrv662 tf_w tf_clearfix\">\n\t    \t\t<div class=\"subrow_inner col_align_top tf_box tf_w\">\n\t\t\t<div  data-lazy=\"1\" class=\"sub_column module_column tf_box col2-1 first tb_de18663\"> \n\t    \t    \t        <div class=\"tb-column-inner tf_box tf_w\">\n\t\t    <!-- module feature -->\n<div  class=\"module module-feature tb_64t3194 with-chart layout-icon-top size-large\" data-lazy=\"1\">\n        <div class=\"module-feature-image tf_textc tf_rel\">\n\t\t\t    <span class=\"module-feature-chart-html5 tf_box tf_rel tf_inline_b\">\n\t\t\t\t    <svg class=\"tf_abs tf_w tf_h\">\n\t\t\t<circle class=\"tb_feature_fill\" r=\"calc(50% - 1.5px)\" cx=\"50%\" cy=\"50%\" stroke-width=\"3\"\/>\n\t\t\t<circle class=\"tb_feature_stroke\" r=\"calc(50% - 1.5px)\" cx=\"50%\" cy=\"50%\" stroke=\"#d63169\" stroke-width=\"3\" data-progress=\"100\" stroke-dasharray=\"0,10000\"\/>\n\t\t\t\t\t    <\/svg>\n\t\t\t\t<span class=\"chart-html5-circle tf_w tf_h\">\n\t\t\t\t\t\t\t<img decoding=\"async\" style=\"--smush-placeholder-width: 1080px; --smush-placeholder-aspect-ratio: 1080\/1080;width:calc(100% - 6px);height:calc(100% - 6px)\" data-src=\"https:\/\/xn--tudeconceptionstudy-9yb.ca\/wp-content\/uploads\/2022\/10\/china.png\" alt=\"\" src=\"data:image\/svg+xml;base64,PHN2ZyB3aWR0aD0iMSIgaGVpZ2h0PSIxIiB4bWxucz0iaHR0cDovL3d3dy53My5vcmcvMjAwMC9zdmciPjwvc3ZnPg==\" class=\"lazyload\">\n\t\t\t \t\t   <\/span>\n\t    <\/span>\n\t        <\/div>\n    <div class=\"module-feature-content tf_textc\">\n\t\t<div class=\"tb_text_wrap\">\n\t    \t<\/div>\n    <\/div>\n<\/div>\n<!-- \/module feature -->\n<!-- module box -->\n<div  class=\"module module-box tb_uu24296\" data-lazy=\"1\">\n            <div class=\"module-box-content ui  tb_default_color repeat\">\n\t<div class=\"tb_text_wrap\"><h4 style=\"text-align: center;\"><a href=\"https:\/\/www.ncbi.nlm.nih.gov\/pmc\/articles\/PMC9566261\/\">Maternal Mental Health during COVID-19: a comparison between China and Canada<\/a><\/h4><\/div>\n    <\/div>\n<\/div>\n<!-- \/module box -->\t        <\/div>\n\t    \t<\/div>\n\t\t<div  data-lazy=\"1\" class=\"sub_column module_column tf_box col2-1 last tb_m4yy664\"> \n\t    \t    \t        <div class=\"tb-column-inner tf_box tf_w\">\n\t\t    <!-- module feature -->\n<div  class=\"module module-feature tb_dhzi193 with-chart layout-icon-top size-large\" data-lazy=\"1\">\n        <div class=\"module-feature-image tf_textc tf_rel\">\n\t\t\t    <span class=\"module-feature-chart-html5 tf_box tf_rel tf_inline_b\">\n\t\t\t\t    <svg class=\"tf_abs tf_w tf_h\">\n\t\t\t<circle class=\"tb_feature_fill\" r=\"calc(50% - 1.5px)\" cx=\"50%\" cy=\"50%\" stroke-width=\"3\"\/>\n\t\t\t<circle class=\"tb_feature_stroke\" r=\"calc(50% - 1.5px)\" cx=\"50%\" cy=\"50%\" stroke=\"#d63169\" stroke-width=\"3\" data-progress=\"100\" stroke-dasharray=\"0,10000\"\/>\n\t\t\t\t\t    <\/svg>\n\t\t\t\t<span class=\"chart-html5-circle tf_w tf_h\">\n\t\t\t\t\t\t\t<img decoding=\"async\" style=\"--smush-placeholder-width: 1080px; --smush-placeholder-aspect-ratio: 1080\/1080;width:calc(100% - 6px);height:calc(100% - 6px)\" data-src=\"https:\/\/xn--tudeconceptionstudy-9yb.ca\/wp-content\/uploads\/2022\/10\/Untitled-design-3.png\" alt=\"\" src=\"data:image\/svg+xml;base64,PHN2ZyB3aWR0aD0iMSIgaGVpZ2h0PSIxIiB4bWxucz0iaHR0cDovL3d3dy53My5vcmcvMjAwMC9zdmciPjwvc3ZnPg==\" class=\"lazyload\">\n\t\t\t \t\t   <\/span>\n\t    <\/span>\n\t        <\/div>\n    <div class=\"module-feature-content tf_textc\">\n\t\t<div class=\"tb_text_wrap\">\n\t    \t<\/div>\n    <\/div>\n<\/div>\n<!-- \/module feature -->\n<!-- module box -->\n<div  class=\"module module-box tb_uvbj673\" data-lazy=\"1\">\n            <div class=\"module-box-content ui  tb_default_color repeat\">\n\t<div class=\"tb_text_wrap\"><h4 style=\"text-align: center;\"><a href=\"https:\/\/pubmed.ncbi.nlm.nih.gov\/37668893\/\">COVID-19 et pr\u00e9maturit\u00e9\/petit poids \u00e0 la naissance<\/a><\/h4><\/div>\n    <\/div>\n<\/div>\n<!-- \/module box -->\t        <\/div>\n\t    \t<\/div>\n\t\t    <\/div>\n\t<\/div><!-- \/themify_builder_sub_row -->\n\t\t<div  data-lazy=\"1\" class=\"module_subrow themify_builder_sub_row tb_nmkt191 tf_w tf_clearfix\">\n\t    \t\t<div class=\"subrow_inner col_align_top tf_box tf_w\">\n\t\t\t<div  data-lazy=\"1\" class=\"sub_column module_column tf_box col-full first tb_6nmh192\"> \n\t    \t    \t        <div class=\"tb-column-inner tf_box tf_w\">\n\t\t    <!-- module box -->\n<div  class=\"module module-box tb_6xcl423\" data-lazy=\"1\">\n            <div class=\"module-box-content ui  tb_default_color repeat\">\n\t<div class=\"tb_text_wrap\"><h1 style=\"text-align: center;\"><strong>\u00c9tudes en cours<\/strong><\/h1><\/div>\n    <\/div>\n<\/div>\n<!-- \/module box -->\t        <\/div>\n\t    \t<\/div>\n\t\t    <\/div>\n\t<\/div><!-- \/themify_builder_sub_row -->\n\t\t<div  data-lazy=\"1\" class=\"module_subrow themify_builder_sub_row tb_2230430 tf_w tf_clearfix\">\n\t    \t\t<div class=\"subrow_inner col_align_top tf_box tf_w\">\n\t\t\t<div  data-lazy=\"1\" class=\"sub_column module_column tf_box col-full first tb_gszm432\"> \n\t    \t    \t        <div class=\"tb-column-inner tf_box tf_w\">\n\t\t    <!-- module feature -->\n<div  class=\"module module-feature tb_dfvd195 with-chart layout-icon-top size-large\" data-lazy=\"1\">\n        <div class=\"module-feature-image tf_textc tf_rel\">\n\t\t\t    <span class=\"module-feature-chart-html5 tf_box tf_rel tf_inline_b\">\n\t\t\t\t    <svg class=\"tf_abs tf_w tf_h\">\n\t\t\t<circle class=\"tb_feature_fill\" r=\"calc(50% - 1.5px)\" cx=\"50%\" cy=\"50%\" stroke-width=\"3\"\/>\n\t\t\t<circle class=\"tb_feature_stroke\" r=\"calc(50% - 1.5px)\" cx=\"50%\" cy=\"50%\" stroke=\"#d63169\" stroke-width=\"3\" data-progress=\"100\" stroke-dasharray=\"0,10000\"\/>\n\t\t\t\t\t    <\/svg>\n\t\t\t\t<span class=\"chart-html5-circle tf_w tf_h\">\n\t\t\t\t\t\t\t<img decoding=\"async\" style=\"--smush-placeholder-width: 1080px; --smush-placeholder-aspect-ratio: 1080\/1080;width:calc(100% - 6px);height:calc(100% - 6px)\" data-src=\"https:\/\/xn--tudeconceptionstudy-9yb.ca\/wp-content\/uploads\/2022\/10\/Untitled-design-4.png\" alt=\"\" src=\"data:image\/svg+xml;base64,PHN2ZyB3aWR0aD0iMSIgaGVpZ2h0PSIxIiB4bWxucz0iaHR0cDovL3d3dy53My5vcmcvMjAwMC9zdmciPjwvc3ZnPg==\" class=\"lazyload\">\n\t\t\t \t\t   <\/span>\n\t    <\/span>\n\t        <\/div>\n    <div class=\"module-feature-content tf_textc\">\n\t\t<div class=\"tb_text_wrap\">\n\t    \t<\/div>\n    <\/div>\n<\/div>\n<!-- \/module feature -->\n<!-- module box -->\n<div  class=\"module module-box tb_mis1448\" data-lazy=\"1\">\n            <div class=\"module-box-content ui  tb_default_color repeat\">\n\t<div class=\"tb_text_wrap\"><h4 style=\"text-align: center;\">Covid-19 and cognitive development at 18 months (manuscript in prepration) and 24 months (recruitment in progress)<\/h4><\/div>\n    <\/div>\n<\/div>\n<!-- \/module box -->\t        <\/div>\n\t    \t<\/div>\n\t\t    <\/div>\n\t<\/div><!-- \/themify_builder_sub_row -->\n\t\t<div  data-lazy=\"1\" class=\"module_subrow themify_builder_sub_row tb_0jlx193 tf_w tf_clearfix\">\n\t    \t\t<div class=\"subrow_inner col_align_top tf_box tf_w\">\n\t\t\t<div  style=\"width: 5.2%\" data-lazy=\"1\" class=\"sub_column module_column tf_box col4-2 first tb_gpk9193\"> \n\t    \t    \t<\/div>\n\t\t<div  style=\"width: 91.6%\" data-lazy=\"1\" class=\"sub_column module_column tf_box col4-2 last tb_h5o5194\"> \n\t    \t    \t<\/div>\n\t\t    <\/div>\n\t<\/div><!-- \/themify_builder_sub_row -->\n\t\t        <\/div>\n\t    \t<\/div>\n\t\t    <\/div>\n\t    <!-- \/row_inner -->\n\t<\/div>\n\t<!-- \/module_row -->\n\t\t<!-- module_row -->\n\t<div  data-lazy=\"1\" class=\"module_row themify_builder_row tb_oa4x874 tf_clearfix\">\n\t    \t\t<div class=\"row_inner col_align_top tf_box tf_w tf_rel\">\n\t\t\t<div  data-lazy=\"1\" class=\"module_column tb-column col-full first tb_iahk875 tf_box\">\n\t    \t    \t        <div class=\"tb-column-inner tf_box tf_w\">\n\t\t    <!-- module feature -->\n<div  class=\"module module-feature tb_k6h3130 with-chart layout-icon-top size-large\" data-lazy=\"1\">\n        <div class=\"module-feature-image tf_textc tf_rel\">\n\t\t\t    <span class=\"module-feature-chart-html5 tf_box tf_rel tf_inline_b\">\n\t\t\t\t    <svg class=\"tf_abs tf_w tf_h\">\n\t\t\t<circle class=\"tb_feature_fill\" r=\"calc(50% - 1.5px)\" cx=\"50%\" cy=\"50%\" stroke-width=\"3\"\/>\n\t\t\t<circle class=\"tb_feature_stroke\" r=\"calc(50% - 1.5px)\" cx=\"50%\" cy=\"50%\" stroke=\"#d63169\" stroke-width=\"3\" data-progress=\"100\" stroke-dasharray=\"0,10000\"\/>\n\t\t\t\t\t    <\/svg>\n\t\t\t\t<span class=\"chart-html5-circle tf_w tf_h\">\n\t\t\t\t\t\t\t<img decoding=\"async\" style=\"--smush-placeholder-width: 1080px; --smush-placeholder-aspect-ratio: 1080\/1080;width:calc(100% - 6px);height:calc(100% - 6px)\" data-src=\"https:\/\/xn--tudeconceptionstudy-9yb.ca\/wp-content\/uploads\/2022\/10\/Untitled-design-4.png\" alt=\"\" src=\"data:image\/svg+xml;base64,PHN2ZyB3aWR0aD0iMSIgaGVpZ2h0PSIxIiB4bWxucz0iaHR0cDovL3d3dy53My5vcmcvMjAwMC9zdmciPjwvc3ZnPg==\" class=\"lazyload\">\n\t\t\t \t\t   <\/span>\n\t    <\/span>\n\t        <\/div>\n    <div class=\"module-feature-content tf_textc\">\n\t\t<div class=\"tb_text_wrap\">\n\t    \t<\/div>\n    <\/div>\n<\/div>\n<!-- \/module feature -->\n<!-- module box -->\n<div  class=\"module module-box tb_1xbd46\" data-lazy=\"1\">\n            <div class=\"module-box-content ui  tb_default_color repeat\">\n\t<div class=\"tb_text_wrap\"><h4 style=\"text-align: center;\">Relations between perinatal maternal symtpoms of depression, anxiety and overall stress related to the COVID-19 pandemic and child sensory avoidance: Results from the CONCEPTION Study. (manuscript in preparation)<\/h4><\/div>\n    <\/div>\n<\/div>\n<!-- \/module box -->\t        <\/div>\n\t    \t<\/div>\n\t\t    <\/div>\n\t    <!-- \/row_inner -->\n\t<\/div>\n\t<!-- \/module_row -->\n\t<\/div>\n<!--\/themify_builder_content-->","protected":false},"excerpt":{"rendered":"<p>Our Studies Previous studies on medication and pregnancy published by our research team Published studies Covid-19 and maternal depression Covid-19 and vaccine hesitation (in press) Vaccination Campaign (FR) Maternal Mental Health during COVID-19: a comparison between China and Canada Covid-19 and prematurity\/low birth weight Studies in progress Covid-19 and cognitive development at 18 months (manuscript [&hellip;]<\/p>\n","protected":false},"author":1,"featured_media":0,"parent":0,"menu_order":0,"comment_status":"closed","ping_status":"closed","template":"","meta":{"_bbp_topic_count":0,"_bbp_reply_count":0,"_bbp_total_topic_count":0,"_bbp_total_reply_count":0,"_bbp_voice_count":0,"_bbp_anonymous_reply_count":0,"_bbp_topic_count_hidden":0,"_bbp_reply_count_hidden":0,"_bbp_forum_subforum_count":0,"om_disable_all_campaigns":false,"_monsterinsights_skip_tracking":false,"_monsterinsights_sitenote_active":false,"_monsterinsights_sitenote_note":"","_monsterinsights_sitenote_category":0,"footnotes":""},"class_list":["post-103","page","type-page","status-publish","hentry","has-post-title","has-post-date","has-post-category","has-post-tag","has-post-comment","has-post-author",""],"aioseo_notices":[],"builder_content":"<h3 style=\"text-align: right;\">Our Studies<\/h3>\n<a href=\"https:\/\/pubmed.ncbi.nlm.nih.gov\/?term=berard+a\" target=\"_blank\" rel=\"noopener\"> <i><svg aria-hidden=\"true\"><use href=\"#tf-ti-arrow-right\"><\/use><\/svg><\/i> Previous studies on medication and pregnancy published by our research team <\/a>\n<h1 style=\"text-align: center;\"><strong>Published studies<\/strong><\/h1>\n<svg> <circle r=\"calc(50% - 1.5px)\" cx=\"50%\" cy=\"50%\" stroke-width=\"3\"\/> <circle r=\"calc(50% - 1.5px)\" cx=\"50%\" cy=\"50%\" stroke=\"#d63169\" stroke-width=\"3\" data-progress=\"100\" stroke-dasharray=\"0,10000\"\/> <\/svg> <img style=\"width:calc(100% - 6px);height:calc(100% - 6px)\" src=\"https:\/\/xn--tudeconceptionstudy-9yb.ca\/wp-content\/uploads\/2022\/08\/cropped-LogoModel-5FINALtransp-1.png\" alt=\"\">\n<h4 style=\"text-align: center;\"><a href=\"https:\/\/pubmed.ncbi.nlm.nih.gov\/35270623\/\">Covid-19 and maternal depression<\/a><\/h4>\n<svg> <circle r=\"calc(50% - 1.5px)\" cx=\"50%\" cy=\"50%\" stroke-width=\"3\"\/> <circle r=\"calc(50% - 1.5px)\" cx=\"50%\" cy=\"50%\" stroke=\"#d63169\" stroke-width=\"3\" data-progress=\"100\" stroke-dasharray=\"0,10000\"\/> <\/svg> <img style=\"width:calc(100% - 6px);height:calc(100% - 6px)\" src=\"https:\/\/xn--tudeconceptionstudy-9yb.ca\/wp-content\/uploads\/2022\/10\/Untitled-design-2.png\" alt=\"\">\n<h4 style=\"text-align: center;\">Covid-19 and vaccine hesitation (in press)<\/h4>\n<h4 style=\"text-align: center;\"><a href=\"https:\/\/xn--tudeconceptionstudy-9yb.ca\/campagne-de-vaccination\/\">Vaccination Campaign (FR)<\/a><\/h4>\n<svg> <circle r=\"calc(50% - 1.5px)\" cx=\"50%\" cy=\"50%\" stroke-width=\"3\"\/> <circle r=\"calc(50% - 1.5px)\" cx=\"50%\" cy=\"50%\" stroke=\"#d63169\" stroke-width=\"3\" data-progress=\"100\" stroke-dasharray=\"0,10000\"\/> <\/svg> <img style=\"width:calc(100% - 6px);height:calc(100% - 6px)\" src=\"https:\/\/xn--tudeconceptionstudy-9yb.ca\/wp-content\/uploads\/2022\/10\/china.png\" alt=\"\">\n<h4 style=\"text-align: center;\"><a href=\"https:\/\/www.ncbi.nlm.nih.gov\/pmc\/articles\/PMC9566261\/\">Maternal Mental Health during COVID-19: a comparison between China and Canada<\/a><\/h4>\n<svg> <circle r=\"calc(50% - 1.5px)\" cx=\"50%\" cy=\"50%\" stroke-width=\"3\"\/> <circle r=\"calc(50% - 1.5px)\" cx=\"50%\" cy=\"50%\" stroke=\"#d63169\" stroke-width=\"3\" data-progress=\"100\" stroke-dasharray=\"0,10000\"\/> <\/svg> <img style=\"width:calc(100% - 6px);height:calc(100% - 6px)\" src=\"https:\/\/xn--tudeconceptionstudy-9yb.ca\/wp-content\/uploads\/2022\/10\/Untitled-design-3.png\" alt=\"\">\n<h4 style=\"text-align: center;\"><a href=\"https:\/\/pubmed.ncbi.nlm.nih.gov\/37668893\/\">Covid-19 and prematurity\/low birth weight<\/a><\/h4>\n<h1 style=\"text-align: center;\"><strong>Studies in progress<\/strong><\/h1>\n<svg> <circle r=\"calc(50% - 1.5px)\" cx=\"50%\" cy=\"50%\" stroke-width=\"3\"\/> <circle r=\"calc(50% - 1.5px)\" cx=\"50%\" cy=\"50%\" stroke=\"#d63169\" stroke-width=\"3\" data-progress=\"100\" stroke-dasharray=\"0,10000\"\/> <\/svg> <img style=\"width:calc(100% - 6px);height:calc(100% - 6px)\" src=\"https:\/\/xn--tudeconceptionstudy-9yb.ca\/wp-content\/uploads\/2022\/10\/Untitled-design-4.png\" alt=\"\">\n<h4 style=\"text-align: center;\">Covid-19 and cognitive development at 18 months (manuscript in prepration) and 24 months (recruitment in progress)<\/h4>\n<svg> <circle r=\"calc(50% - 1.5px)\" cx=\"50%\" cy=\"50%\" stroke-width=\"3\"\/> <circle r=\"calc(50% - 1.5px)\" cx=\"50%\" cy=\"50%\" stroke=\"#d63169\" stroke-width=\"3\" data-progress=\"100\" stroke-dasharray=\"0,10000\"\/> <\/svg> <img style=\"width:calc(100% - 6px);height:calc(100% - 6px)\" src=\"https:\/\/xn--tudeconceptionstudy-9yb.ca\/wp-content\/uploads\/2022\/10\/Untitled-design-4.png\" alt=\"\">\n<h4 style=\"text-align: center;\">Relations between perinatal maternal symtpoms of depression, anxiety and overall stress related to the COVID-19 pandemic and child sensory avoidance: Results from the CONCEPTION Study. (manuscript in preparation)<\/h4>","_links":{"self":[{"href":"https:\/\/xn--tudeconceptionstudy-9yb.ca\/fr\/wp-json\/wp\/v2\/pages\/103","targetHints":{"allow":["GET"]}}],"collection":[{"href":"https:\/\/xn--tudeconceptionstudy-9yb.ca\/fr\/wp-json\/wp\/v2\/pages"}],"about":[{"href":"https:\/\/xn--tudeconceptionstudy-9yb.ca\/fr\/wp-json\/wp\/v2\/types\/page"}],"author":[{"embeddable":true,"href":"https:\/\/xn--tudeconceptionstudy-9yb.ca\/fr\/wp-json\/wp\/v2\/users\/1"}],"replies":[{"embeddable":true,"href":"https:\/\/xn--tudeconceptionstudy-9yb.ca\/fr\/wp-json\/wp\/v2\/comments?post=103"}],"version-history":[{"count":34,"href":"https:\/\/xn--tudeconceptionstudy-9yb.ca\/fr\/wp-json\/wp\/v2\/pages\/103\/revisions"}],"predecessor-version":[{"id":1665,"href":"https:\/\/xn--tudeconceptionstudy-9yb.ca\/fr\/wp-json\/wp\/v2\/pages\/103\/revisions\/1665"}],"wp:attachment":[{"href":"https:\/\/xn--tudeconceptionstudy-9yb.ca\/fr\/wp-json\/wp\/v2\/media?parent=103"}],"curies":[{"name":"wp","href":"https:\/\/api.w.org\/{rel}","templated":true}]}}