{"id":336,"date":"2021-07-14T14:39:30","date_gmt":"2021-07-14T18:39:30","guid":{"rendered":"https:\/\/xn--tudeconceptionstudy-9yb.ca\/?page_id=336"},"modified":"2022-09-19T11:21:43","modified_gmt":"2022-09-19T15:21:43","slug":"our-work","status":"publish","type":"page","link":"https:\/\/xn--tudeconceptionstudy-9yb.ca\/fr\/our-work\/","title":{"rendered":"Notre Travail"},"content":{"rendered":"<p><\/p>\n<!--themify_builder_content-->\n<div id=\"themify_builder_content-336\" data-postid=\"336\" class=\"themify_builder_content themify_builder_content-336 themify_builder tf_clear\">\n    \t<!-- module_row -->\n\t<div  data-anchor=\"Welcome\" data-css_id=\"1ijg187\" data-lazy=\"1\" class=\"module_row themify_builder_row fullcover fullwidth tb_has_section tb_section-Welcome tb_1ijg187 tb_first tf_clearfix\" >\n\t    <div class=\"tf_abs builder_row_cover\"><\/div>\t\t<div class=\"row_inner col_align_top tf_box tf_w tf_rel\">\n\t\t\t<div  data-lazy=\"1\" class=\"module_column tb-column col-full first tb_e7of187 tf_box\">\n\t    \t    \t        <div class=\"tb-column-inner tf_box tf_w\">\n\t\t    \t<div  data-lazy=\"1\" class=\"module_subrow themify_builder_sub_row tb_2oaj370 tf_w tf_clearfix\">\n\t    \t\t<div class=\"subrow_inner col_align_top tf_box tf_w\">\n\t\t\t<div  style=\"width: 23.31%\" data-lazy=\"1\" class=\"sub_column module_column tf_box col2-1 first tb_ix8q370\"> \n\t    \t    \t<\/div>\n\t\t<div  style=\"width: 73.49%\" data-lazy=\"1\" class=\"sub_column module_column tf_box col2-1 last tb_ou2r739\" > \n\t    \t    \t        <div class=\"tb-column-inner tf_box tf_w\">\n\t\t    <!-- module text -->\n<div  class=\"module module-text tb_h7kk740\" data-lazy=\"1\">\n            <div  class=\"tb_text_wrap\">\n    <h3 style=\"text-align: right;\">Notre Travail<\/h3>    <\/div>\n<\/div>\n<!-- \/module text -->\t        <\/div>\n\t    \t<\/div>\n\t\t    <\/div>\n\t<\/div><!-- \/themify_builder_sub_row -->\n\t\t        <\/div>\n\t    \t<\/div>\n\t\t    <\/div>\n\t    <!-- \/row_inner -->\n\t<\/div>\n\t<!-- \/module_row -->\n\t\t<!-- module_row -->\n\t<div  data-lazy=\"1\" class=\"module_row themify_builder_row repeat tb_saw9280 tf_clearfix\" >\n\t    \t\t<div class=\"row_inner col_align_top tf_box tf_w tf_rel\">\n\t\t\t<div  data-lazy=\"1\" style=\"width: 35.17%\" class=\"module_column tb-column col4-2 first tb_kbt0286 tf_box\">\n\t    \t    \t        <div class=\"tb-column-inner tf_box tf_w\">\n\t\t    <!-- module image -->\n<div  class=\"module module-image tb_12iw427 circle  image-center tf_mw\" data-lazy=\"1\">\n            <div class=\"image-wrap tf_rel tf_mw\">\n\t\t    <img decoding=\"async\" width=\"1920\" height=\"1080\" data-src=\"https:\/\/xn--tudeconceptionstudy-9yb.ca\/wp-content\/uploads\/2021\/08\/Pregnant-women-tile2-and-cream-bkg-full-plants.jpg\" class=\"wp-post-image wp-image-685 lazyload\" title=\"Pregnant women tile2 and cream bkg full plants\" alt=\"Pregnant women tile2 and cream bkg full plants\" data-srcset=\"https:\/\/xn--tudeconceptionstudy-9yb.ca\/wp-content\/uploads\/2021\/08\/Pregnant-women-tile2-and-cream-bkg-full-plants.jpg 1920w, https:\/\/xn--tudeconceptionstudy-9yb.ca\/wp-content\/uploads\/2021\/08\/Pregnant-women-tile2-and-cream-bkg-full-plants-1500x844.jpg 1500w, https:\/\/xn--tudeconceptionstudy-9yb.ca\/wp-content\/uploads\/2021\/08\/Pregnant-women-tile2-and-cream-bkg-full-plants-1024x576.jpg 1024w, https:\/\/xn--tudeconceptionstudy-9yb.ca\/wp-content\/uploads\/2021\/08\/Pregnant-women-tile2-and-cream-bkg-full-plants-768x432.jpg 768w, https:\/\/xn--tudeconceptionstudy-9yb.ca\/wp-content\/uploads\/2021\/08\/Pregnant-women-tile2-and-cream-bkg-full-plants-1536x864.jpg 1536w, https:\/\/xn--tudeconceptionstudy-9yb.ca\/wp-content\/uploads\/2021\/08\/Pregnant-women-tile2-and-cream-bkg-full-plants-16x9.jpg 16w\" data-sizes=\"(max-width: 1920px) 100vw, 1920px\" src=\"data:image\/svg+xml;base64,PHN2ZyB3aWR0aD0iMSIgaGVpZ2h0PSIxIiB4bWxucz0iaHR0cDovL3d3dy53My5vcmcvMjAwMC9zdmciPjwvc3ZnPg==\" style=\"--smush-placeholder-width: 1920px; --smush-placeholder-aspect-ratio: 1920\/1080;\" \/>\t\n\t\t<\/div>\n\t<!-- \/image-wrap -->\n    \n    \n<\/div>\n<!-- \/module image -->\t        <\/div>\n\t    \t<\/div>\n\t\t<div  data-lazy=\"1\" style=\"width: 61.63%\" class=\"module_column tb-column col4-2 last tb_tnnd287 tf_box\">\n\t    \t    \t        <div class=\"tb-column-inner tf_box tf_w\">\n\t\t    \t<div  data-lazy=\"1\" class=\"module_subrow themify_builder_sub_row tb_ucik548 tf_w tf_clearfix\">\n\t    \t\t<div class=\"subrow_inner col_align_top tf_box tf_w\">\n\t\t\t<div  data-lazy=\"1\" class=\"sub_column module_column tf_box col-full first tb_06s0549\"> \n\t    \t    \t        <div class=\"tb-column-inner tf_box tf_w\">\n\t\t    <!-- module box -->\n<div  class=\"module module-box tb_gvt3927\" data-lazy=\"1\">\n            <div class=\"module-box-content ui  black repeat\">\n\t<div class=\"tb_text_wrap\"><h5>\"Pour \u00e9valuer le stress et les changements v\u00e9cus par les personnes enceintes pendant la pand\u00e9mie de la COVID-19, nous invitons les femmes \u00e2g\u00e9es de 18 ans et plus qui sont actuellement enceintes ou qui ont accouch\u00e9 depuis le 13 mars 2020 \u00e0 se joindre \u00e0 notre \u00e9tude\"<\/h5><\/div>\n    <\/div>\n<\/div>\n<!-- \/module box -->\t        <\/div>\n\t    \t<\/div>\n\t\t    <\/div>\n\t<\/div><!-- \/themify_builder_sub_row -->\n\t\t        <\/div>\n\t    \t<\/div>\n\t\t    <\/div>\n\t    <!-- \/row_inner -->\n\t<\/div>\n\t<!-- \/module_row -->\n\t\t<!-- module_row -->\n\t<div  data-css_id=\"4l3l101\" data-lazy=\"1\" class=\"module_row themify_builder_row repeat fullwidth tb_4l3l101 tf_clearfix\" >\n\t    \t\t<div class=\"row_inner col_align_top tf_box tf_w tf_rel\">\n\t\t\t<div  data-lazy=\"1\" class=\"module_column tb-column col-full first tb_va3v104 tf_box\">\n\t    \t    \t        <div class=\"tb-column-inner tf_box tf_w\">\n\t\t    <!-- module text -->\n<div  class=\"module module-text tb_lpkr105  repeat\" data-lazy=\"1\">\n            <div  class=\"tb_text_wrap\">\n    <h1><strong>Notre \u00c9tude<\/strong><\/h1>    <\/div>\n<\/div>\n<!-- \/module text -->\t        <\/div>\n\t    \t<\/div>\n\t\t    <\/div>\n\t    <!-- \/row_inner -->\n\t<\/div>\n\t<!-- \/module_row -->\n\t\t<!-- module_row -->\n\t<div  data-css_id=\"ylhw795\" data-lazy=\"1\" class=\"module_row themify_builder_row fullwidth tb_ylhw795 tf_clearfix\" >\n\t    \t\t<div class=\"row_inner col_align_top tf_box tf_w tf_rel\">\n\t\t\t<div  data-lazy=\"1\" class=\"module_column tb-column col3-1 first tb_9rrt620 repeat tf_box\">\n\t    \t    \t        <div class=\"tb-column-inner tf_box tf_w\">\n\t\t    <!-- module feature -->\n<div  class=\"module module-feature tb_5wlj621 no-chart layout-icon-top size-medium\" data-lazy=\"1\">\n    <h3 class=\"module-title\">Questionnaire<\/h3>    <div class=\"module-feature-image tf_textc tf_rel\">\n\t\t\t    <span class=\"module-feature-chart-html5 tf_box tf_rel tf_inline_b\" style=\"background-color:#d63169\">\n\t\t\t\t<span class=\"chart-html5-circle tf_w tf_h\">\n\t\t\t\t\t\t\t\t\t\t\t\t<i class=\"module-feature-icon tf_rel\" style=\"color: #ffffff\"><svg  aria-hidden=\"true\" class=\"tf_fa tf-fas-inbox\"><use href=\"#tf-fas-inbox\"><\/use><\/svg><\/i>\n\t\t\t\t\t\t\t\t\t   <\/span>\n\t    <\/span>\n\t        <\/div>\n    <div class=\"module-feature-content tf_textc\">\n\t\t<div class=\"tb_text_wrap\">\n\t    <h6 style=\"text-align: center;\">\u00a0Pour \u00e9valuer le stress et les changements v\u00e9cus par les personnes enceintes pendant la pand\u00e9mie de la  COVID-19, nous invitons les femmes \u00e2g\u00e9es de 18 ans et plus qui sont actuellement enceintes ou qui ont accouch\u00e9 depuis le 13 mars 2020 \u00e0 se joindre \u00e0 notre \u00e9tude.\nL'\u00e9quipe partage l'\u00e9tude sur diverses plateformes de m\u00e9dias sociaux pour maximiser sa port\u00e9e et \u00e0 produit une courte vid\u00e9o pour augmenter la visibilit\u00e9 et susciter l'int\u00e9r\u00eat.<\/h6>\t<\/div>\n    <\/div>\n<\/div>\n<!-- \/module feature -->\n\t        <\/div>\n\t    \t<\/div>\n\t\t<div  data-lazy=\"1\" class=\"module_column tb-column col3-1 middle tb_r0p5288 repeat tf_box\">\n\t    \t    \t        <div class=\"tb-column-inner tf_box tf_w\">\n\t\t    <!-- module feature -->\n<div  class=\"module module-feature tb_hp1x289 no-chart layout-icon-top size-medium\" data-lazy=\"1\">\n    <h3 class=\"module-title\">Suivi<\/h3>    <div class=\"module-feature-image tf_textc tf_rel\">\n\t\t\t    <span class=\"module-feature-chart-html5 tf_box tf_rel tf_inline_b\" style=\"background-color:#d63169\">\n\t\t\t\t<span class=\"chart-html5-circle tf_w tf_h\">\n\t\t\t\t\t\t\t\t\t\t\t\t<i class=\"module-feature-icon tf_rel\" style=\"color: #ffffff\"><svg  aria-hidden=\"true\" class=\"tf_fa tf-ti-control-forward\"><use href=\"#tf-ti-control-forward\"><\/use><\/svg><\/i>\n\t\t\t\t\t\t\t\t\t   <\/span>\n\t    <\/span>\n\t        <\/div>\n    <div class=\"module-feature-content tf_textc\">\n\t\t<div class=\"tb_text_wrap\">\n\t    <h6 style=\"text-align: center;\">Nous invitons les participantes actuellement enceintes \u00e0 participer \u00e0 une \u00e9tude de suivi 2 mois apr\u00e8s leur date d'accouchement. Les nouvelles questions se concentrent sur les changements depuis le premier questionnaire, mais comprennent \u00e9galement des questions sur l'exp\u00e9rience de l'accouchement et les premi\u00e8res semaines depuis l'accouchement, avec un accent continu sur les effets de la pand\u00e9mie.<\/h6>\t<\/div>\n    <\/div>\n<\/div>\n<!-- \/module feature -->\n\t        <\/div>\n\t    \t<\/div>\n\t\t<div  data-lazy=\"1\" class=\"module_column tb-column col3-1 last tb_uv9t723 repeat tf_box\">\n\t    \t    \t        <div class=\"tb-column-inner tf_box tf_w\">\n\t\t    <!-- module feature -->\n<div  class=\"module module-feature tb_0kua723 no-chart layout-icon-top size-medium\" data-lazy=\"1\">\n    <h3 class=\"module-title\">Linkage<\/h3>    <div class=\"module-feature-image tf_textc tf_rel\">\n\t\t\t    <span class=\"module-feature-chart-html5 tf_box tf_rel tf_inline_b\" style=\"background-color:#d63169\">\n\t\t\t\t<span class=\"chart-html5-circle tf_w tf_h\">\n\t\t\t\t\t\t\t\t\t\t\t\t<i class=\"module-feature-icon tf_rel\" style=\"color: #ffffff\"><svg  aria-hidden=\"true\" class=\"tf_fa tf-ti-link\"><use href=\"#tf-ti-link\"><\/use><\/svg><\/i>\n\t\t\t\t\t\t\t\t\t   <\/span>\n\t    <\/span>\n\t        <\/div>\n    <div class=\"module-feature-content tf_textc\">\n\t\t<div class=\"tb_text_wrap\">\n\t    <h6>Tous nos participants sont \u00e9galement invit\u00e9s \u00e0 nous donner leur permission pour lier les donn\u00e9es de leur questionnaire \u00e0 leurs donn\u00e9es administratives de sant\u00e9 (utilisation des services m\u00e9dicaux et pharmaceutiques, remplissages d'ordonnances, hospitalisations). Ce lien nous permettra de d\u00e9terminer toute relation entre le fardeau suppl\u00e9mentaire pendant la pand\u00e9mie et l'utilisation accrue des services de sant\u00e9.<\/h6>\t<\/div>\n    <\/div>\n<\/div>\n<!-- \/module feature -->\n\t        <\/div>\n\t    \t<\/div>\n\t\t    <\/div>\n\t    <!-- \/row_inner -->\n\t<\/div>\n\t<!-- \/module_row -->\n\t<\/div>\n<!--\/themify_builder_content-->","protected":false},"excerpt":{"rendered":"<p>Our Work &#8221;To capture the stress and changes experienced by pregnant women during the COVID-19 pandemic, we invite women aged 18 years old and older who are currently pregnant or who delivered since March 13th, 2020 to join our study.&#8221; Our Study Survey \u00a0To capture the stress and changes experienced by pregnant women during the [&hellip;]<\/p>\n","protected":false},"author":1,"featured_media":0,"parent":0,"menu_order":0,"comment_status":"closed","ping_status":"closed","template":"","meta":{"_bbp_topic_count":0,"_bbp_reply_count":0,"_bbp_total_topic_count":0,"_bbp_total_reply_count":0,"_bbp_voice_count":0,"_bbp_anonymous_reply_count":0,"_bbp_topic_count_hidden":0,"_bbp_reply_count_hidden":0,"_bbp_forum_subforum_count":0,"om_disable_all_campaigns":false,"_monsterinsights_skip_tracking":false,"_monsterinsights_sitenote_active":false,"_monsterinsights_sitenote_note":"","_monsterinsights_sitenote_category":0,"footnotes":""},"class_list":["post-336","page","type-page","status-publish","hentry","has-post-title","has-post-date","has-post-category","has-post-tag","has-post-comment","has-post-author",""],"aioseo_notices":[],"builder_content":"<h3 style=\"text-align: right;\">Our Work<\/h3>\n<img decoding=\"async\" width=\"1920\" height=\"1080\" src=\"https:\/\/xn--tudeconceptionstudy-9yb.ca\/wp-content\/uploads\/2021\/08\/Pregnant-women-tile2-and-cream-bkg-full-plants.jpg\" title=\"Pregnant women tile2 and cream bkg full plants\" alt=\"Pregnant women tile2 and cream bkg full plants\" srcset=\"https:\/\/xn--tudeconceptionstudy-9yb.ca\/wp-content\/uploads\/2021\/08\/Pregnant-women-tile2-and-cream-bkg-full-plants.jpg 1920w, https:\/\/xn--tudeconceptionstudy-9yb.ca\/wp-content\/uploads\/2021\/08\/Pregnant-women-tile2-and-cream-bkg-full-plants-1500x844.jpg 1500w, https:\/\/xn--tudeconceptionstudy-9yb.ca\/wp-content\/uploads\/2021\/08\/Pregnant-women-tile2-and-cream-bkg-full-plants-1024x576.jpg 1024w, https:\/\/xn--tudeconceptionstudy-9yb.ca\/wp-content\/uploads\/2021\/08\/Pregnant-women-tile2-and-cream-bkg-full-plants-768x432.jpg 768w, https:\/\/xn--tudeconceptionstudy-9yb.ca\/wp-content\/uploads\/2021\/08\/Pregnant-women-tile2-and-cream-bkg-full-plants-1536x864.jpg 1536w, https:\/\/xn--tudeconceptionstudy-9yb.ca\/wp-content\/uploads\/2021\/08\/Pregnant-women-tile2-and-cream-bkg-full-plants-16x9.jpg 16w\" sizes=\"(max-width: 1920px) 100vw, 1920px\" \/>\n<h5>''To capture the stress and changes experienced by pregnant women during the COVID-19 pandemic, we invite women aged 18 years old and older who are currently pregnant or who delivered since March 13th, 2020 to join our study.''<\/h5>\n<h1><strong>Our Study<\/strong><\/h1>\n<h3>Survey<\/h3> <i style=\"color: #ffffff\"><svg aria-hidden=\"true\"><use href=\"#tf-fas-inbox\"><\/use><\/svg><\/i> <h6 style=\"text-align: center;\">\u00a0To capture the stress and changes experienced by pregnant women during the COVID-19 pandemic, we invite women aged 18 years old and older who are currently pregnant or who delivered since March 13 th , 2020 to join our study. The team shares the study on various social media platforms to maximise reach and produced a short video to increase visibility and trigger interest.<\/h6>\n<h3>Follow-up<\/h3> <i style=\"color: #ffffff\"><svg aria-hidden=\"true\"><use href=\"#tf-ti-control-forward\"><\/use><\/svg><\/i> <h6 style=\"text-align: center;\">We invite participants currently pregnant to participate in a follow-up study at two months after their expected delivery date. The new questions focus on the changes since the first questionnaire, but also includes questions about the childbirth experience and the early weeks since delivery, with a continued focus on the effects of the pandemic.<\/h6>\n<h3>Linkage<\/h3> <i style=\"color: #ffffff\"><svg aria-hidden=\"true\"><use href=\"#tf-ti-link\"><\/use><\/svg><\/i> <h6>All our participants are also invited to give us their permission to link their questionnaire data with their administrative health data (medical and pharmaceutical services utilization, prescription fillings, hospitalizations). This linkage will allow us to determine any relationship between added burden during the pandemic and increased use of health services.<\/h6>","_links":{"self":[{"href":"https:\/\/xn--tudeconceptionstudy-9yb.ca\/fr\/wp-json\/wp\/v2\/pages\/336","targetHints":{"allow":["GET"]}}],"collection":[{"href":"https:\/\/xn--tudeconceptionstudy-9yb.ca\/fr\/wp-json\/wp\/v2\/pages"}],"about":[{"href":"https:\/\/xn--tudeconceptionstudy-9yb.ca\/fr\/wp-json\/wp\/v2\/types\/page"}],"author":[{"embeddable":true,"href":"https:\/\/xn--tudeconceptionstudy-9yb.ca\/fr\/wp-json\/wp\/v2\/users\/1"}],"replies":[{"embeddable":true,"href":"https:\/\/xn--tudeconceptionstudy-9yb.ca\/fr\/wp-json\/wp\/v2\/comments?post=336"}],"version-history":[{"count":16,"href":"https:\/\/xn--tudeconceptionstudy-9yb.ca\/fr\/wp-json\/wp\/v2\/pages\/336\/revisions"}],"predecessor-version":[{"id":1498,"href":"https:\/\/xn--tudeconceptionstudy-9yb.ca\/fr\/wp-json\/wp\/v2\/pages\/336\/revisions\/1498"}],"wp:attachment":[{"href":"https:\/\/xn--tudeconceptionstudy-9yb.ca\/fr\/wp-json\/wp\/v2\/media?parent=336"}],"curies":[{"name":"wp","href":"https:\/\/api.w.org\/{rel}","templated":true}]}}