{"id":551,"date":"2021-07-21T16:36:37","date_gmt":"2021-07-21T20:36:37","guid":{"rendered":"https:\/\/xn--tudeconceptionstudy-9yb.ca\/?page_id=551"},"modified":"2023-09-22T13:39:50","modified_gmt":"2023-09-22T17:39:50","slug":"get-involved-2","status":"publish","type":"page","link":"https:\/\/xn--tudeconceptionstudy-9yb.ca\/fr\/get-involved-2\/","title":{"rendered":"Acc\u00e8s aux donn\u00e9es"},"content":{"rendered":"<!--themify_builder_content-->\n<div id=\"themify_builder_content-551\" data-postid=\"551\" class=\"themify_builder_content themify_builder_content-551 themify_builder tf_clear\">\n    \t<!-- module_row -->\n\t<div  data-css_id=\"amhr650\" data-lazy=\"1\" class=\"module_row themify_builder_row repeat fullwidth tb_amhr650 tb_first tf_clearfix\" >\n\t    \t\t<div class=\"row_inner col_align_top tf_box tf_w tf_rel\">\n\t\t\t<div  data-lazy=\"1\" class=\"module_column tb-column col-full first tb_espe656 tf_box\">\n\t    \t    \t        <div class=\"tb-column-inner tf_box tf_w\">\n\t\t    <!-- module fancy heading -->\n<div  class=\"module module-fancy-heading tb_xiir233\" data-lazy=\"1\">\n        <h1 class=\"fancy-heading tf_textc\">\n    <span  class=\"main-head tf_block\">\n\tAcc\u00e8s aux donn\u00e9es     <\/span>\n    <span class=\"sub-head tf_block tf_rel\">\n\tCONCEPTION    <\/span>\n\n    <\/h1>\n<\/div>\n<!-- \/module fancy heading -->\n\t        <\/div>\n\t    \t<\/div>\n\t\t    <\/div>\n\t    <!-- \/row_inner -->\n\t<\/div>\n\t<!-- \/module_row -->\n\t\t<!-- module_row -->\n\t<div  data-css_id=\"x7mb176\" data-lazy=\"1\" class=\"module_row themify_builder_row repeat fullwidth tb_x7mb176 tf_clearfix\" >\n\t    \t\t<div class=\"row_inner col_align_top tf_box tf_w tf_rel\">\n\t\t\t<div  data-lazy=\"1\" class=\"module_column tb-column col-full first tb_u7ar177 tf_box\">\n\t    \t    \t        <div class=\"tb-column-inner tf_box tf_w\">\n\t\t    <!-- module box -->\n<div  class=\"module module-box tb_dpss239\" data-lazy=\"1\">\n            <div class=\"module-box-content ui  tb_default_color repeat\">\n\t<div class=\"tb_text_wrap\"><h3 style=\"text-align: center;\">Demande d'acc\u00e8s aux donn\u00e9es de l'\u00e9tude CONCEPTION<\/h3><p style=\"text-align: center;\">If you are a researcher,\u00a0 graduate student or research professional affiliated with a university and would like to <br \/>request access to the CONCEPTION Study data for one of your projects, kindly complete the form below and our research coordinator will contact you for the following steps.<\/p><\/div>\n    <\/div>\n<\/div>\n<!-- \/module box --><!-- module buttons -->\n<div  class=\"module module-buttons tb_29s6473 buttons-horizontal solid  large tf_textc\" data-lazy=\"1\">\n            \t<div class=\"module-buttons-item tf_inline_b\">\n\t    \t\t    <a href=\"https:\/\/forms.gle\/mRhGrkqkwbQb9yrF9\" class=\"ui builder_button tb_default_color\" target=\"_blank\" rel=\"noopener\">\n\t\t\t\t    \t\t\t<i class=\"tf_inline_b tf_vmiddle\"><svg  aria-hidden=\"true\" class=\"tf_fa tf-ti-arrow-right\"><use href=\"#tf-ti-arrow-right\"><\/use><\/svg><\/i>\t\t        \t\t<span class=\"tf_inline_b tf_vmiddle\">Compl\u00e9ter le formulaire pr\u00e9liminaire pour acc\u00e8s aux donn\u00e9es<\/span>\n\t\t    \t\t    \t\t    <\/a>\n\t\t        \t<\/div>\n\t    <\/div>\n<!-- \/module buttons -->\n\t        <\/div>\n\t    \t<\/div>\n\t\t    <\/div>\n\t    <!-- \/row_inner -->\n\t<\/div>\n\t<!-- \/module_row -->\n\t<\/div>\n<!--\/themify_builder_content-->","protected":false},"excerpt":{"rendered":"","protected":false},"author":1,"featured_media":0,"parent":0,"menu_order":0,"comment_status":"closed","ping_status":"closed","template":"","meta":{"_bbp_topic_count":0,"_bbp_reply_count":0,"_bbp_total_topic_count":0,"_bbp_total_reply_count":0,"_bbp_voice_count":0,"_bbp_anonymous_reply_count":0,"_bbp_topic_count_hidden":0,"_bbp_reply_count_hidden":0,"_bbp_forum_subforum_count":0,"om_disable_all_campaigns":false,"_monsterinsights_skip_tracking":false,"_monsterinsights_sitenote_active":false,"_monsterinsights_sitenote_note":"","_monsterinsights_sitenote_category":0,"footnotes":""},"class_list":["post-551","page","type-page","status-publish","hentry","has-post-title","has-post-date","has-post-category","has-post-tag","has-post-comment","has-post-author",""],"aioseo_notices":[],"builder_content":"<h1>Data Access <br\/>CONCEPTION<\/h1>\n<h3 style=\"text-align: center;\">Request access to the CONCEPTION Study Data<\/h3><p style=\"text-align: center;\">If you are a researcher,\u00a0 graduate student or research professional affiliated with a university and would like to <br \/>request access to the CONCEPTION Study data for one of your projects, kindly complete the form below and our research coordinator will contact you for the following steps.<\/p>\n<a href=\"https:\/\/forms.gle\/mRhGrkqkwbQb9yrF9\" target=\"_blank\" rel=\"noopener\"> <i><svg aria-hidden=\"true\"><use href=\"#tf-ti-arrow-right\"><\/use><\/svg><\/i> Complete the preliminary data access request form <\/a>","_links":{"self":[{"href":"https:\/\/xn--tudeconceptionstudy-9yb.ca\/fr\/wp-json\/wp\/v2\/pages\/551","targetHints":{"allow":["GET"]}}],"collection":[{"href":"https:\/\/xn--tudeconceptionstudy-9yb.ca\/fr\/wp-json\/wp\/v2\/pages"}],"about":[{"href":"https:\/\/xn--tudeconceptionstudy-9yb.ca\/fr\/wp-json\/wp\/v2\/types\/page"}],"author":[{"embeddable":true,"href":"https:\/\/xn--tudeconceptionstudy-9yb.ca\/fr\/wp-json\/wp\/v2\/users\/1"}],"replies":[{"embeddable":true,"href":"https:\/\/xn--tudeconceptionstudy-9yb.ca\/fr\/wp-json\/wp\/v2\/comments?post=551"}],"version-history":[{"count":28,"href":"https:\/\/xn--tudeconceptionstudy-9yb.ca\/fr\/wp-json\/wp\/v2\/pages\/551\/revisions"}],"predecessor-version":[{"id":1703,"href":"https:\/\/xn--tudeconceptionstudy-9yb.ca\/fr\/wp-json\/wp\/v2\/pages\/551\/revisions\/1703"}],"wp:attachment":[{"href":"https:\/\/xn--tudeconceptionstudy-9yb.ca\/fr\/wp-json\/wp\/v2\/media?parent=551"}],"curies":[{"name":"wp","href":"https:\/\/api.w.org\/{rel}","templated":true}]}}