{"id":8,"date":"2021-07-07T16:44:12","date_gmt":"2021-07-07T20:44:12","guid":{"rendered":"https:\/\/xn--tudeconceptionstudy-9yb.ca\/?page_id=8"},"modified":"2022-10-20T11:41:29","modified_gmt":"2022-10-20T15:41:29","slug":"home","status":"publish","type":"page","link":"https:\/\/xn--tudeconceptionstudy-9yb.ca\/fr\/","title":{"rendered":"Welcome to the CONCEPTION study"},"content":{"rendered":"<!--themify_builder_content-->\n<div id=\"themify_builder_content-8\" data-postid=\"8\" class=\"themify_builder_content themify_builder_content-8 themify_builder tf_clear\">\n    \t<!-- module_row -->\n\t<div  data-anchor=\"Welcome\" data-css_id=\"aiaz52\" data-lazy=\"1\" class=\"module_row themify_builder_row builder-parallax-scrolling fullwidth tb_has_section tb_section-Welcome tb_aiaz52 tb_first tf_clearfix\" >\n\t    <div class=\"tf_abs builder_row_cover\"><\/div>\t\t<div class=\"row_inner col_align_top tf_box tf_w tf_rel\">\n\t\t\t<div  data-lazy=\"1\" class=\"module_column tb-column col-full first tb_7a2h735 tf_box\">\n\t    \t    \t        <div class=\"tb-column-inner tf_box tf_w\">\n\t\t    <!-- module text -->\n<div  class=\"module module-text tb_fmt4735\" data-lazy=\"1\">\n            <div  class=\"tb_text_wrap\">\n    <p style=\"text-align: center;\">CONCEPTION<\/p>    <\/div>\n<\/div>\n<!-- \/module text -->\t        <\/div>\n\t    \t<\/div>\n\t\t    <\/div>\n\t    <!-- \/row_inner -->\n\t<\/div>\n\t<!-- \/module_row -->\n\t\t<!-- module_row -->\n\t<div  data-lazy=\"1\" class=\"module_row themify_builder_row repeat tb_pmgu55 tf_clearfix\" >\n\t    \t\t<div class=\"row_inner col_align_top tf_box tf_w tf_rel\">\n\t\t\t<div  data-lazy=\"1\" class=\"module_column tb-column col-full first tb_qcmm56 tf_box\">\n\t    \t    \t        <div class=\"tb-column-inner tf_box tf_w\">\n\t\t    <!-- module video -->\n<div  class=\"module module-video tb_lmo6406 video-top\" data-lazy=\"1\" data-url=\"https:\/\/www.youtube.com\/watch?v=e-Z-rY9Y_Bw\">\n    \t\t\t\t\t\t<div class=\"video-wrap-outer\">\n\t\t<div class=\"video-wrap tf_rel tf_overflow\">\n\t\t\t\t\t<\/div>\n\t\t<!-- \/video-wrap -->\n\t\t<\/div>\n\t\t<!-- \/video-wrap-outer -->\n\t\t\t\t\t<div class=\"video-content\">\n\t\t\t\t\t\t\t\t<h3 class=\"video-title\">\n\t\t\t\t\t\t\t\t\t\t\u00c9tude CONCEPTION - Vous \u00eates enceintes ou avez-vous accouch\u00e9 durant la pand\u00e9mie?\t\t\t\t\t\t\t\t\t<\/h3>\n\t\t\t\t\n\t\t\t\t\t\t\t<\/div>\n\t\t\t<!-- \/video-content -->\n\t\t\t<\/div>\n\t        <\/div>\n\t    \t<\/div>\n\t\t    <\/div>\n\t    <!-- \/row_inner -->\n\t<\/div>\n\t<!-- \/module_row -->\n\t\t<!-- module_row -->\n\t<div  data-anchor=\"TheCohort\" data-lazy=\"1\" class=\"module_row themify_builder_row repeat tb_has_section tb_section-TheCohort tb_9wsr616 tf_clearfix\" >\n\t    \t\t<div class=\"row_inner col_align_top tf_box tf_w tf_rel\">\n\t\t\t<div  data-lazy=\"1\" class=\"module_column tb-column col-full first tb_repb618 tf_box\">\n\t    \t    \t        <div class=\"tb-column-inner tf_box tf_w\">\n\t\t    <!-- module box -->\n<div  class=\"module module-box tb_i4gl477\" data-lazy=\"1\">\n            <div class=\"module-box-content ui  tb_default_color repeat\">\n\t<div class=\"tb_text_wrap\"><h1 style=\"text-align: center;\"><strong>La Cohorte<\/strong><\/h1><\/div>\n    <\/div>\n<\/div>\n<!-- \/module box -->\t<div  data-lazy=\"1\" class=\"module_subrow themify_builder_sub_row tb_dmny671 tf_w tf_clearfix\">\n\t    \t\t<div class=\"subrow_inner col_align_top tf_box tf_w\"  data-basecol=\"3\" data-col_tablet=\"column3-1\" data-col_mobile=\"column-full\">\n\t\t\t<div  style=\"width: 31.53%\" data-lazy=\"1\" class=\"sub_column module_column tf_box col3-1 first tb_1qm6672\"> \n\t    \t    \t        <div class=\"tb-column-inner tf_box tf_w\">\n\t\t    <!-- module image -->\n<div  class=\"module module-image tb_34sv549   image-top tf_mw\" data-lazy=\"1\">\n            <div class=\"image-wrap tf_rel tf_mw\">\n\t\t    <img decoding=\"async\" width=\"1080\" height=\"1080\" data-src=\"https:\/\/xn--tudeconceptionstudy-9yb.ca\/wp-content\/uploads\/2022\/10\/1.png\" class=\"wp-post-image wp-image-1550 lazyload\" title=\"1\" alt=\"1\" data-srcset=\"https:\/\/xn--tudeconceptionstudy-9yb.ca\/wp-content\/uploads\/2022\/10\/1.png 1080w, https:\/\/xn--tudeconceptionstudy-9yb.ca\/wp-content\/uploads\/2022\/10\/1-1024x1024.png 1024w, https:\/\/xn--tudeconceptionstudy-9yb.ca\/wp-content\/uploads\/2022\/10\/1-150x150.png 150w, https:\/\/xn--tudeconceptionstudy-9yb.ca\/wp-content\/uploads\/2022\/10\/1-768x768.png 768w, https:\/\/xn--tudeconceptionstudy-9yb.ca\/wp-content\/uploads\/2022\/10\/1-12x12.png 12w\" data-sizes=\"(max-width: 1080px) 100vw, 1080px\" src=\"data:image\/svg+xml;base64,PHN2ZyB3aWR0aD0iMSIgaGVpZ2h0PSIxIiB4bWxucz0iaHR0cDovL3d3dy53My5vcmcvMjAwMC9zdmciPjwvc3ZnPg==\" style=\"--smush-placeholder-width: 1080px; --smush-placeholder-aspect-ratio: 1080\/1080;\" \/>\t\n\t\t<\/div>\n\t<!-- \/image-wrap -->\n    \n    \n<\/div>\n<!-- \/module image --><!-- module text -->\n<div  class=\"module module-text tb_pqae674\" data-lazy=\"1\">\n            <div  class=\"tb_text_wrap\">\n    <h2 style=\"text-align: center;\"><strong>Notre \u00c9quipe<\/strong><\/h2>\n<h6 style=\"text-align: center;\">Notre \u00e9quipe comprend des experts en sant\u00e9 p\u00e9rinatale, en d\u00e9veloppement neurologique et cognitif de l'enfant et de l'adolescent, en \u00e9pid\u00e9miologie, en maladies infectieuses, en obst\u00e9trique et gyn\u00e9cologie et en \u00e9valuation du stress li\u00e9 aux catastrophes.<\/h6>    <\/div>\n<\/div>\n<!-- \/module text --><!-- module buttons -->\n<div  class=\"module module-buttons tb_qb96443 buttons-horizontal outline  small rounded tf_textc\" data-lazy=\"1\">\n            \t<div class=\"module-buttons-item tf_inline_b\">\n\t    \t\t    <a href=\"https:\/\/xn--tudeconceptionstudy-9yb.ca\/fr\/team-members\/\" class=\"ui builder_button black\" >\n\t\t\t\t        \t\t<span class=\"tf_inline_b tf_vmiddle\">Voir Plus<\/span>\n\t\t    \t\t    \t\t    <\/a>\n\t\t        \t<\/div>\n\t    <\/div>\n<!-- \/module buttons -->\n<!-- module divider -->\n<div  class=\"module tf_mw module-divider tb_1qqp502 solid  divider-custom divider-center\" style=\"border-width: 1px;border-color: #000000;margin-top: 20px;margin-bottom: 20px;width: 100px;\" data-lazy=\"1\">\n        <\/div>\n<!-- \/module divider -->\n\t        <\/div>\n\t    \t<\/div>\n\t\t<div  style=\"width: 30.87%\" data-lazy=\"1\" class=\"sub_column module_column tf_box col3-1 middle tb_d6rl674\"> \n\t    \t    \t        <div class=\"tb-column-inner tf_box tf_w\">\n\t\t    <!-- module image -->\n<div  class=\"module module-image tb_1nil918   image-top tf_mw\" data-lazy=\"1\">\n            <div class=\"image-wrap tf_rel tf_mw\">\n\t\t    <img decoding=\"async\" width=\"1080\" height=\"1080\" data-src=\"https:\/\/xn--tudeconceptionstudy-9yb.ca\/wp-content\/uploads\/2022\/10\/2.png\" class=\"wp-post-image wp-image-1551 lazyload\" title=\"2\" alt=\"2\" data-srcset=\"https:\/\/xn--tudeconceptionstudy-9yb.ca\/wp-content\/uploads\/2022\/10\/2.png 1080w, https:\/\/xn--tudeconceptionstudy-9yb.ca\/wp-content\/uploads\/2022\/10\/2-1024x1024.png 1024w, https:\/\/xn--tudeconceptionstudy-9yb.ca\/wp-content\/uploads\/2022\/10\/2-150x150.png 150w, https:\/\/xn--tudeconceptionstudy-9yb.ca\/wp-content\/uploads\/2022\/10\/2-768x768.png 768w, https:\/\/xn--tudeconceptionstudy-9yb.ca\/wp-content\/uploads\/2022\/10\/2-12x12.png 12w\" data-sizes=\"(max-width: 1080px) 100vw, 1080px\" src=\"data:image\/svg+xml;base64,PHN2ZyB3aWR0aD0iMSIgaGVpZ2h0PSIxIiB4bWxucz0iaHR0cDovL3d3dy53My5vcmcvMjAwMC9zdmciPjwvc3ZnPg==\" style=\"--smush-placeholder-width: 1080px; --smush-placeholder-aspect-ratio: 1080\/1080;\" \/>\t\n\t\t<\/div>\n\t<!-- \/image-wrap -->\n    \n    \n<\/div>\n<!-- \/module image --><!-- module text -->\n<div  class=\"module module-text tb_oqui501\" data-lazy=\"1\">\n            <div  class=\"tb_text_wrap\">\n    <h2 style=\"text-align: center;\"><strong>Notre Mission<\/strong><\/h2>\n<h6 style=\"text-align: center;\">D\u00e9terminer les effets de la pand\u00e9mie, des consignes sanitaires et politiques hospitali\u00e8res associ\u00e9es sur le bien-\u00eatre des\nfemmes et leur futur enfant pendant la pand\u00e9mie de la COVID-19.<\/h6>    <\/div>\n<\/div>\n<!-- \/module text --><!-- module buttons -->\n<div  class=\"module module-buttons tb_7xv9852 buttons-horizontal outline  small rounded tf_textc\" data-lazy=\"1\">\n            \t<div class=\"module-buttons-item tf_inline_b\">\n\t    \t\t    <a href=\"https:\/\/xn--tudeconceptionstudy-9yb.ca\/fr\/our-mission\/\" class=\"ui builder_button black\" >\n\t\t\t\t        \t\t<span class=\"tf_inline_b tf_vmiddle\">Voir Plus<\/span>\n\t\t    \t\t    \t\t    <\/a>\n\t\t        \t<\/div>\n\t    <\/div>\n<!-- \/module buttons -->\n<!-- module divider -->\n<div  class=\"module tf_mw module-divider tb_b16e271 solid  divider-custom divider-center\" style=\"border-width: 1px;border-color: #000000;margin-top: 20px;margin-bottom: 20px;width: 100px;\" data-lazy=\"1\">\n        <\/div>\n<!-- \/module divider -->\n\t        <\/div>\n\t    \t<\/div>\n\t\t<div  data-lazy=\"1\" class=\"sub_column module_column tf_box col3-1 last tb_27q3675\"> \n\t    \t    \t        <div class=\"tb-column-inner tf_box tf_w\">\n\t\t    <!-- module image -->\n<div  class=\"module module-image tb_yg9c822   image-top tf_mw\" data-lazy=\"1\">\n            <div class=\"image-wrap tf_rel tf_mw\">\n\t\t    <img decoding=\"async\" width=\"1080\" height=\"1080\" data-src=\"https:\/\/xn--tudeconceptionstudy-9yb.ca\/wp-content\/uploads\/2022\/10\/3.png\" class=\"wp-post-image wp-image-1552 lazyload\" title=\"3\" alt=\"3\" data-srcset=\"https:\/\/xn--tudeconceptionstudy-9yb.ca\/wp-content\/uploads\/2022\/10\/3.png 1080w, https:\/\/xn--tudeconceptionstudy-9yb.ca\/wp-content\/uploads\/2022\/10\/3-1024x1024.png 1024w, https:\/\/xn--tudeconceptionstudy-9yb.ca\/wp-content\/uploads\/2022\/10\/3-150x150.png 150w, https:\/\/xn--tudeconceptionstudy-9yb.ca\/wp-content\/uploads\/2022\/10\/3-768x768.png 768w, https:\/\/xn--tudeconceptionstudy-9yb.ca\/wp-content\/uploads\/2022\/10\/3-12x12.png 12w\" data-sizes=\"(max-width: 1080px) 100vw, 1080px\" src=\"data:image\/svg+xml;base64,PHN2ZyB3aWR0aD0iMSIgaGVpZ2h0PSIxIiB4bWxucz0iaHR0cDovL3d3dy53My5vcmcvMjAwMC9zdmciPjwvc3ZnPg==\" style=\"--smush-placeholder-width: 1080px; --smush-placeholder-aspect-ratio: 1080\/1080;\" \/>\t\n\t\t<\/div>\n\t<!-- \/image-wrap -->\n    \n    \n<\/div>\n<!-- \/module image --><!-- module text -->\n<div  class=\"module module-text tb_a4qj84\" data-lazy=\"1\">\n            <div  class=\"tb_text_wrap\">\n    <h2 style=\"text-align: center;\"><strong>Notre Travail<\/strong><\/h2>\n<h6 style=\"text-align: center;\">Nous mesurons le niveau de stress, ainsi que les changements dans les routines et les soins m\u00e9dicaux et les exp\u00e9riences personnelles en lien avec la COVID-19 v\u00e9cues par les femmes enceintes. \u00c0 l'avenir, nous visons \u00e0 \u00e9duquer les d\u00e9cideurs en sant\u00e9 publique sur nos r\u00e9sultats de recherche.<\/h6>    <\/div>\n<\/div>\n<!-- \/module text --><!-- module buttons -->\n<div  class=\"module module-buttons tb_0x0q203 buttons-horizontal outline  small rounded tf_textc\" data-lazy=\"1\">\n            \t<div class=\"module-buttons-item tf_inline_b\">\n\t    \t\t    <a href=\"https:\/\/xn--tudeconceptionstudy-9yb.ca\/fr\/our-work\/\" class=\"ui builder_button black\" >\n\t\t\t\t        \t\t<span class=\"tf_inline_b tf_vmiddle\">Voir Plus<\/span>\n\t\t    \t\t    \t\t    <\/a>\n\t\t        \t<\/div>\n\t    <\/div>\n<!-- \/module buttons -->\n<!-- module divider -->\n<div  class=\"module tf_mw module-divider tb_w3y184 solid  divider-custom divider-center\" style=\"border-width: 1px;border-color: #000000;margin-top: 20px;margin-bottom: 20px;width: 100px;\" data-lazy=\"1\">\n        <\/div>\n<!-- \/module divider -->\n\t        <\/div>\n\t    \t<\/div>\n\t\t    <\/div>\n\t<\/div><!-- \/themify_builder_sub_row -->\n\t\t        <\/div>\n\t    \t<\/div>\n\t\t    <\/div>\n\t    <!-- \/row_inner -->\n\t<\/div>\n\t<!-- \/module_row -->\n\t<\/div>\n<!--\/themify_builder_content-->","protected":false},"excerpt":{"rendered":"<p>CONCEPTION CONCEPTION STUDY &#8211; Are you currently pregnant or did you deliver during the pandemic? The Cohort Our Team We are an international team of experts in pregnancy health, children and adolescence development, epidemiology, infectious diseases and the evaluation of stress related to catastrophes. See More Our Mission Determining the effects of the pandemic and [&hellip;]<\/p>\n","protected":false},"author":1,"featured_media":0,"parent":0,"menu_order":0,"comment_status":"closed","ping_status":"closed","template":"","meta":{"_bbp_topic_count":0,"_bbp_reply_count":0,"_bbp_total_topic_count":0,"_bbp_total_reply_count":0,"_bbp_voice_count":0,"_bbp_anonymous_reply_count":0,"_bbp_topic_count_hidden":0,"_bbp_reply_count_hidden":0,"_bbp_forum_subforum_count":0,"om_disable_all_campaigns":false,"_monsterinsights_skip_tracking":false,"_monsterinsights_sitenote_active":false,"_monsterinsights_sitenote_note":"","_monsterinsights_sitenote_category":0,"footnotes":""},"class_list":["post-8","page","type-page","status-publish","hentry","has-post-title","has-post-date","has-post-category","has-post-tag","has-post-comment","has-post-author",""],"aioseo_notices":[],"builder_content":"<p style=\"text-align: center;\">CONCEPTION<\/p>\n<h3> CONCEPTION STUDY - Are you currently pregnant or did you deliver during the pandemic? <\/h3>\n<h1 style=\"text-align: center;\"><strong>The Cohort<\/strong><\/h1>\n<img decoding=\"async\" width=\"1080\" height=\"1080\" src=\"https:\/\/xn--tudeconceptionstudy-9yb.ca\/wp-content\/uploads\/2022\/10\/1.png\" title=\"1\" alt=\"1\" srcset=\"https:\/\/xn--tudeconceptionstudy-9yb.ca\/wp-content\/uploads\/2022\/10\/1.png 1080w, https:\/\/xn--tudeconceptionstudy-9yb.ca\/wp-content\/uploads\/2022\/10\/1-1024x1024.png 1024w, https:\/\/xn--tudeconceptionstudy-9yb.ca\/wp-content\/uploads\/2022\/10\/1-150x150.png 150w, https:\/\/xn--tudeconceptionstudy-9yb.ca\/wp-content\/uploads\/2022\/10\/1-768x768.png 768w, https:\/\/xn--tudeconceptionstudy-9yb.ca\/wp-content\/uploads\/2022\/10\/1-12x12.png 12w\" sizes=\"(max-width: 1080px) 100vw, 1080px\" \/>\n<h2 style=\"text-align: center;\"><strong>Our Team<\/strong><\/h2> <h6 style=\"text-align: center;\">We are an international team of experts in pregnancy health, children and adolescence development, epidemiology, infectious diseases and the evaluation of stress related to catastrophes.<\/h6>\n<a href=\"https:\/\/xn--tudeconceptionstudy-9yb.ca\/team-members\/\" > See More <\/a>\n\n<img decoding=\"async\" width=\"1080\" height=\"1080\" src=\"https:\/\/xn--tudeconceptionstudy-9yb.ca\/wp-content\/uploads\/2022\/10\/2.png\" title=\"2\" alt=\"2\" srcset=\"https:\/\/xn--tudeconceptionstudy-9yb.ca\/wp-content\/uploads\/2022\/10\/2.png 1080w, https:\/\/xn--tudeconceptionstudy-9yb.ca\/wp-content\/uploads\/2022\/10\/2-1024x1024.png 1024w, https:\/\/xn--tudeconceptionstudy-9yb.ca\/wp-content\/uploads\/2022\/10\/2-150x150.png 150w, https:\/\/xn--tudeconceptionstudy-9yb.ca\/wp-content\/uploads\/2022\/10\/2-768x768.png 768w, https:\/\/xn--tudeconceptionstudy-9yb.ca\/wp-content\/uploads\/2022\/10\/2-12x12.png 12w\" sizes=\"(max-width: 1080px) 100vw, 1080px\" \/>\n<h2 style=\"text-align: center;\"><strong>Our Mission<\/strong><\/h2> <h6 style=\"text-align: center;\">Determining the effects of the pandemic and its associate sanitary guidelines and hospital policies on the wellbeing of women and their future child during the COVID-19 pandemic.<\/h6>\n<a href=\"https:\/\/xn--tudeconceptionstudy-9yb.ca\/our-mission\/\" > See More <\/a>\n\n<img decoding=\"async\" width=\"1080\" height=\"1080\" src=\"https:\/\/xn--tudeconceptionstudy-9yb.ca\/wp-content\/uploads\/2022\/10\/3.png\" title=\"3\" alt=\"3\" srcset=\"https:\/\/xn--tudeconceptionstudy-9yb.ca\/wp-content\/uploads\/2022\/10\/3.png 1080w, https:\/\/xn--tudeconceptionstudy-9yb.ca\/wp-content\/uploads\/2022\/10\/3-1024x1024.png 1024w, https:\/\/xn--tudeconceptionstudy-9yb.ca\/wp-content\/uploads\/2022\/10\/3-150x150.png 150w, https:\/\/xn--tudeconceptionstudy-9yb.ca\/wp-content\/uploads\/2022\/10\/3-768x768.png 768w, https:\/\/xn--tudeconceptionstudy-9yb.ca\/wp-content\/uploads\/2022\/10\/3-12x12.png 12w\" sizes=\"(max-width: 1080px) 100vw, 1080px\" \/>\n<h2 style=\"text-align: center;\"><strong>Our Work<\/strong><\/h2> <h6 style=\"text-align: center;\">We capture stress levels, changes in routines and medical care, personal experiences with COVID-19 experienced by pregnant women. In the future, we aim to educate policymakers on our findings.<\/h6>\n<a href=\"https:\/\/xn--tudeconceptionstudy-9yb.ca\/our-work\/\" > See More <\/a>\n","_links":{"self":[{"href":"https:\/\/xn--tudeconceptionstudy-9yb.ca\/fr\/wp-json\/wp\/v2\/pages\/8","targetHints":{"allow":["GET"]}}],"collection":[{"href":"https:\/\/xn--tudeconceptionstudy-9yb.ca\/fr\/wp-json\/wp\/v2\/pages"}],"about":[{"href":"https:\/\/xn--tudeconceptionstudy-9yb.ca\/fr\/wp-json\/wp\/v2\/types\/page"}],"author":[{"embeddable":true,"href":"https:\/\/xn--tudeconceptionstudy-9yb.ca\/fr\/wp-json\/wp\/v2\/users\/1"}],"replies":[{"embeddable":true,"href":"https:\/\/xn--tudeconceptionstudy-9yb.ca\/fr\/wp-json\/wp\/v2\/comments?post=8"}],"version-history":[{"count":30,"href":"https:\/\/xn--tudeconceptionstudy-9yb.ca\/fr\/wp-json\/wp\/v2\/pages\/8\/revisions"}],"predecessor-version":[{"id":1600,"href":"https:\/\/xn--tudeconceptionstudy-9yb.ca\/fr\/wp-json\/wp\/v2\/pages\/8\/revisions\/1600"}],"wp:attachment":[{"href":"https:\/\/xn--tudeconceptionstudy-9yb.ca\/fr\/wp-json\/wp\/v2\/media?parent=8"}],"curies":[{"name":"wp","href":"https:\/\/api.w.org\/{rel}","templated":true}]}}